{"id":714,"date":"2018-08-08T11:37:10","date_gmt":"2018-08-08T09:37:10","guid":{"rendered":"http:\/\/www.buchhaltungundmehr.at\/home\/?page_id=714"},"modified":"2018-08-08T16:34:24","modified_gmt":"2018-08-08T14:34:24","slug":"datenschutzerklaerung","status":"publish","type":"page","link":"https:\/\/www.buchhaltungundmehr.at\/home\/datenschutzerklaerung\/","title":{"rendered":"Datenschutzerkl\u00e4rung"},"content":{"rendered":"<p>[vc_row container=&#8220;1&#8243; css=&#8220;.vc_custom_1529223261829{padding-top: 100px !important;}&#8220;][vc_column][vc_column_text]<\/p>\n<h2>Datenschutzerkl\u00e4rung<\/h2>\n<p><strong>\u00a0\u00a0\u00a0\u00a0\u00a0\u00a0\u00a0\u00a0\u00a0\u00a0\u00a0\u00a0\u00a0\u00a0\u00a0\u00a0\u00a0\u00a0\u00a0\u00a0\u00a0\u00a0\u00a0\u00a0\u00a0\u00a0\u00a0\u00a0\u00a0\u00a0\u00a0\u00a0\u00a0\u00a0\u00a0\u00a0\u00a0\u00a0\u00a0\u00a0\u00a0\u00a0\u00a0\u00a0\u00a0\u00a0\u00a0\u00a0\u00a0 <\/strong><\/p>\n<p>Der Schutz Ihrer pers\u00f6nlichen Daten ist mir ein besonderes Anliegen. Ich verarbeite Ihre Daten daher ausschlie\u00dflich auf Grundlage der gesetzlichen Bestimmungen (DSGVO, TKG 2003). In diesen Datenschutzinformationen informiere ich Sie \u00fcber die wichtigsten Aspekte der Datenverarbeitung im Rahmen meiner Website, aber auch \u00fcber die wichtigsten Aspekte im Rahmen der Auftragsbearbeitung.<\/p>\n<p>&nbsp;<\/p>\n<h4><strong>E-Mail Kontakt<\/strong><\/h4>\n<p>Wenn Sie per E-Mail Kontakt mit mir aufnehmen, werden Ihre angegebenen Daten zwecks Bearbeitung der Anfrage und f\u00fcr den Fall von Anschlussfragen sechs Monate bei mir gespeichert. Diese Daten gebe ich niemals ohne Ihre Einwilligung weiter.<\/p>\n<p>&nbsp;<\/p>\n<h4><strong>Cookies<\/strong><\/h4>\n<p>Meine Website verwendet so genannte Cookies. Dabei handelt es sich um kleine Text-dateien, die mit Hilfe des Browsers auf Ihrem Endger\u00e4t abgelegt werden. Sie richten keinen Schaden an.<\/p>\n<p>Ich nutze Cookies dazu, mein Angebot nutzerfreundlich zu gestalten. Einige Cookies bleiben auf Ihrem Endger\u00e4t gespeichert, bis Sie diese l\u00f6schen. Sie erm\u00f6glichen es uns, Ihren Browser beim n\u00e4chsten Besuch wiederzuerkennen.<\/p>\n<p>Wenn Sie dies nicht w\u00fcnschen, so k\u00f6nnen Sie Ihren Browser so einrichten, dass er Sie \u00fcber das Setzen von Cookies informiert und Sie dies nur im Einzelfall erlauben.<\/p>\n<p>Bei der Deaktivierung von Cookies kann die Funktionalit\u00e4t meiner Website eingeschr\u00e4nkt sein.<\/p>\n<p>&nbsp;<\/p>\n<h4><strong>Zwecke der Datenverarbeitung<\/strong><\/h4>\n<p>Ich verarbeite Ihre personenbezogenen Daten ausschlie\u00dflich zum Zwecke der Begr\u00fcndung, Verwaltung und Abwicklung der Gesch\u00e4ftsbeziehung. Grunds\u00e4tzlich aber verwende ich die von Ihnen bereitgestellten Daten zur Durchf\u00fchrung meines von Ihnen gegebenen Auftrages laut der von Ihnen unterschriebenen Vollmacht.<\/p>\n<p>&nbsp;<\/p>\n<h4><strong>Meine Pflichten als Auftragnehmerin<\/strong><\/h4>\n<p>Ich verpflichte mich, Daten und Verarbeitungsergebnisse ausschlie\u00dflich im Rahmen Ihrer schriftlichen Auftr\u00e4ge des Auftraggebers zu verarbeiten. Erhalte ich einen beh\u00f6rdlichen Auftrag, Daten von Ihnen herauszugeben, so verpflichte ich mich &#8211; sofern gesetzlich zul\u00e4ssig \u2013 Sie dar\u00fcber unverz\u00fcglich dar\u00fcber zu informieren und die Beh\u00f6rde an Sie zu verweisen. Desgleichen bedarf eine Verarbeitung der Daten f\u00fcr eigene Zwecke eines schriftlichen Auftrages.<\/p>\n<p>Ich erkl\u00e4re rechtsverbindlich, dass ich alle mit der Datenverarbeitung beauftragten Personen vor Aufnahme der T\u00e4tigkeit zur Vertraulichkeit verpflichtet habe oder diese einer angemessenen gesetzlichen Verschwiegenheitsverpflichtung unterliegen. Insbesondere bleibt die Verschwiegenheitsverpflichtung der mit der Datenverarbeitung beauftragten Personen auch nach Beendigung ihrer T\u00e4tigkeit und Ausscheiden bei mir aufrecht.<\/p>\n<p>Ich erkl\u00e4re rechtsverbindlich, dass ich alle erforderlichen Ma\u00dfnahmen zur Gew\u00e4hrleistung der Sicherheit der Verarbeitung nach Art 32 DSGVO ergriffen habe.<\/p>\n<p>Ich als Auftragnehmerin unterst\u00fctze Sie als Auftraggeber bei der Einhaltung der in den Art 32 bis 36 DSGVO genannten Pflichten (Datensicherheitsma\u00dfnahmen, Meldungen von Verletzungen des Schutzes personenbezogener Daten an die Aufsichtsbeh\u00f6rde, Benachrichtigung der von einer Verletzung des Schutzes personenbezogener Daten betroffenen Person, Datenschutz-Folgeabsch\u00e4tzung, vorherige Konsultation).<\/p>\n<p><strong>\u00a0<\/strong><\/p>\n<h4><strong>Ort der Durchf\u00fchrung der Datenverarbeitung<\/strong><\/h4>\n<p>Datenverarbeitungst\u00e4tigkeiten werden ausschlie\u00dflich innerhalb der EU durchgef\u00fchrt.<\/p>\n<p><strong>\u00a0<\/strong><\/p>\n<h4><strong>Sub-Auftragsverarbeiter<\/strong><\/h4>\n<p>Grunds\u00e4tzlich werden alle mir \u00fcbergebenen Informationen von mir pers\u00f6nlich bearbeitet. Sollte es jedoch aus unabwendbaren Gr\u00fcnden dazu kommen, dass ich einen Sub-Auftragsverarbeiter heranziehen muss, verpflichte ich mich, Sie als \u00a0Auftraggeber von der beabsichtigten Heranziehung eines Sub-Auftragsverarbeiters so zeitgerecht wie m\u00f6glich\u00a0 zu verst\u00e4ndigen, dass Sie dies allenfalls untersagen k\u00f6nnnen. Ich als Auftragnehmerin schlie\u00dfe die erforderlichen Vereinbarungen im Sinne des Art 28 Abs 4 DSGVO mit dem Sub-Auftragsverarbeiter ab. Dabei verpflichte ich mich sicherzustellen, dass der Sub-Auftragsverarbeiter dieselben Verpflichtungen eingeht, die mir selbst auf Grund dieser Vereinbarung obliegen.<\/p>\n<p>&nbsp;<\/p>\n<h4><strong>Ihre Rechte<\/strong><\/h4>\n<p>Ihnen stehen bez\u00fcglich Ihrer bei mir gespeicherten Daten grunds\u00e4tzlich die Rechte auf Auskunft, Berichtigung, L\u00f6schung, Einschr\u00e4nkung, Daten\u00fcbertragbarkeit, Widerruf und Widerspruch zu. Wenn Sie glauben, dass die Verarbeitung Ihrer Daten gegen das Datenschutzrecht verst\u00f6\u00dft oder Ihre datenschutzrechtlichen Anspr\u00fcche sonst in einer Weise verletzt worden sind, k\u00f6nnen Sie sich via email <a href=\"mailto:office@buchhaltungundmehr.at\">office@buchhaltungundmehr.at<\/a> \u00a0oder der Datenschutzbeh\u00f6rde beschweren.<\/p>\n<p><strong>\u00a0<\/strong><\/p>\n<h4><strong>Sie erreichen mich unter folgenden Kontaktdaten<\/strong>:<\/h4>\n<p><em>Sonja Baierhofer, Oberhofgasse 12, 5400 Hallein, Tel 0664\/5010327, <\/em><a href=\"mailto:office@buchhaltungundmehr.at\"><em>office@buchhaltungundmehr.at<\/em><\/a>[\/vc_column_text][\/vc_column][\/vc_row]<\/p>\n","protected":false},"excerpt":{"rendered":"<p>[vc_row container=&#8220;1&#8243; css=&#8220;.vc_custom_1529223261829{padding-top: 100px !important;}&#8220;][vc_column][vc_column_text] Datenschutzerkl\u00e4rung \u00a0\u00a0\u00a0\u00a0\u00a0\u00a0\u00a0\u00a0\u00a0\u00a0\u00a0\u00a0\u00a0\u00a0\u00a0\u00a0\u00a0\u00a0\u00a0\u00a0\u00a0\u00a0\u00a0\u00a0\u00a0\u00a0\u00a0\u00a0\u00a0\u00a0\u00a0\u00a0\u00a0\u00a0\u00a0\u00a0\u00a0\u00a0\u00a0\u00a0\u00a0\u00a0\u00a0\u00a0\u00a0\u00a0\u00a0\u00a0\u00a0 Der Schutz Ihrer pers\u00f6nlichen Daten ist mir ein besonderes Anliegen. Ich verarbeite Ihre Daten daher ausschlie\u00dflich auf Grundlage der gesetzlichen Bestimmungen (DSGVO, TKG 2003). In diesen Datenschutzinformationen informiere ich Sie \u00fcber die wichtigsten Aspekte der Datenverarbeitung im Rahmen meiner Website, aber auch \u00fcber die wichtigsten Aspekte im Rahmen<\/p>\n","protected":false},"author":1,"featured_media":0,"parent":0,"menu_order":0,"comment_status":"closed","ping_status":"closed","template":"tpl-visual_composer.php","meta":{"footnotes":""},"class_list":["post-714","page","type-page","status-publish","hentry"],"_links":{"self":[{"href":"https:\/\/www.buchhaltungundmehr.at\/home\/wp-json\/wp\/v2\/pages\/714","targetHints":{"allow":["GET"]}}],"collection":[{"href":"https:\/\/www.buchhaltungundmehr.at\/home\/wp-json\/wp\/v2\/pages"}],"about":[{"href":"https:\/\/www.buchhaltungundmehr.at\/home\/wp-json\/wp\/v2\/types\/page"}],"author":[{"embeddable":true,"href":"https:\/\/www.buchhaltungundmehr.at\/home\/wp-json\/wp\/v2\/users\/1"}],"replies":[{"embeddable":true,"href":"https:\/\/www.buchhaltungundmehr.at\/home\/wp-json\/wp\/v2\/comments?post=714"}],"version-history":[{"count":4,"href":"https:\/\/www.buchhaltungundmehr.at\/home\/wp-json\/wp\/v2\/pages\/714\/revisions"}],"predecessor-version":[{"id":763,"href":"https:\/\/www.buchhaltungundmehr.at\/home\/wp-json\/wp\/v2\/pages\/714\/revisions\/763"}],"wp:attachment":[{"href":"https:\/\/www.buchhaltungundmehr.at\/home\/wp-json\/wp\/v2\/media?parent=714"}],"curies":[{"name":"wp","href":"https:\/\/api.w.org\/{rel}","templated":true}]}}