{"id":544,"date":"2018-06-25T17:44:34","date_gmt":"2018-06-25T15:44:34","guid":{"rendered":"http:\/\/www.buchhaltungundmehr.at\/home\/?page_id=544"},"modified":"2023-01-12T11:04:00","modified_gmt":"2023-01-12T10:04:00","slug":"neugruender","status":"publish","type":"page","link":"https:\/\/www.buchhaltungundmehr.at\/home\/neugruender\/","title":{"rendered":"Neugr\u00fcnder"},"content":{"rendered":"<p>[vc_row container=&#8220;1&#8243; css=&#8220;.vc_custom_1461438965480{margin-bottom: 50px !important;}&#8220;][vc_column width=&#8220;1\/2&#8243;]\r\n  <!--Default Section-->\r    <section class=\"default-section scroll-to-this\">\r    \t<div class=\"auto-container\">\r        \t<div class=\"row clearfix\">\r            \t\r                <!--Column-->\r                <div class=\"column text-column col-md-12 col-sm-12 col-xs-12\">\r                \t<div class=\"inner-box\">\r                        \r                        <!--Section Title-->\r                        <div class=\"sec-title margin-bott-20\">\r                            <div class=\"theme-text-blue\">Hallo liebe<\/div>\r                            <h2>Neugr\u00fcnder<\/h2>\r                        <\/div>\r                        \r                        <div class=\"text\">\r                        \t<p>und solche, die es werden wollen! \u201eWelche Auswirkungen hat eine selbst\u00e4ndige T\u00e4tigkeit neben meiner bisherigen unselbst\u00e4ndigen T\u00e4tigkeit?\u201c \u201eWieviel darf ich steuerfrei dazu verdienen?\u201c \u201eWas muss ich tun, wenn ich mich hauptberuflich selbst\u00e4ndig mache?\u201c \u201eWas muss ich bei der Anstellung von Mitarbeitern beachten?\u201c\u201eWelche B\u00fccher muss ich mindestens f\u00fchren?\u201c.... F\u00fcr diese und mehr Fragen biete ich Ihnen eine kostenlose Erstberatung. Auch wenn Sie sich noch nicht sicher sind, ob Sie den Schritt wagen, k\u00f6nnen Sie gerne vorab bei mir Informationen einholen. Es w\u00e4re ja schade, wenn es bei den M\u00e4rchenschl\u00f6ssern bleibt, die Sie bauen, nur weil Sie nicht gefragt haben! <\/p>\r                        <\/div>\r                        <br>\r                        <a href=\"https:\/\/www.buchhaltungundmehr.at\/home\/kontakt\/%20\" class=\"theme-btn btn-style-one\">Kontakt<span class=\"ico icon-right fa fa-angle-right\"><\/span><\/a>\r                    <\/div>\r                <\/div>\r                <!--Column \/ Image Column-->\r            <\/div>\r        <\/div>\r    <\/section>\r\r\n[\/vc_column][vc_column width=&#8220;1\/2&#8243; css=&#8220;.vc_custom_1461438977467{margin-top: 60px !important;}&#8220;][vc_single_image image=&#8220;590&#8243; img_size=&#8220;full&#8220; css=&#8220;.vc_custom_1530552171265{margin-top: 60px !important;}&#8220;][\/vc_column][\/vc_row][vc_row parallax=&#8220;content-moving&#8220;][vc_column]<!--Fact Counter-->\r    <section class=\"fact-counter\" style=\"background-image:url(https:\/\/www.buchhaltungundmehr.at\/home\/wp-content\/uploads\/2018\/06\/BG-funfacts-Sonja-Baierhofer.jpg);\">\r    \t<div class=\"auto-container\">\r        \t<div class=\"row clearfix\">\r                <!--Column-->\r            \t    \r\t\t\t\t<article class=\"col-md-3 col-sm-6 col-xs-12 column wow fadeIn\" data-wow-duration=\"0ms\">\r                    <div class=\"icon\"><span class=\"fa fa-star\"><\/span><\/div>\r                    \r\t\t\t\t\t<h4 class=\"counter-title\">Berufserfahrung<\/h4>\r                    <div class=\"count-outer\"><span class=\"count-text\" data-speed=\"1500\" data-stop=\"25\">0<\/span><\/div>\r                <\/article>\r\t\t\t\t    \r\t\t\t\t<article class=\"col-md-3 col-sm-6 col-xs-12 column wow fadeIn\" data-wow-duration=\"0ms\">\r                    <div class=\"icon\"><span class=\"fa fa-briefcase\"><\/span><\/div>\r                    \r\t\t\t\t\t<h4 class=\"counter-title\">Ausbildungen<\/h4>\r                    <div class=\"count-outer\"><span class=\"count-text\" data-speed=\"1500\" data-stop=\"18\">0<\/span><\/div>\r                <\/article>\r\t\t\t\t    \r\t\t\t\t<article class=\"col-md-3 col-sm-6 col-xs-12 column wow fadeIn\" data-wow-duration=\"0ms\">\r                    <div class=\"icon\"><span class=\"fa fa-book\"><\/span><\/div>\r                    \r\t\t\t\t\t<h4 class=\"counter-title\">Erstellte Berichte und Auswertungen<\/h4>\r                    <div class=\"count-outer\"><span class=\"count-text\" data-speed=\"1500\" data-stop=\"788\">0<\/span><\/div>\r                <\/article>\r\t\t\t\t    \r\t\t\t\t<article class=\"col-md-3 col-sm-6 col-xs-12 column wow fadeIn\" data-wow-duration=\"0ms\">\r                    <div class=\"icon\"><span class=\"fa fa-desktop\"><\/span><\/div>\r                    \r\t\t\t\t\t<h4 class=\"counter-title\">Verbrauchte Computerm\u00e4use<\/h4>\r                    <div class=\"count-outer\"><span class=\"count-text\" data-speed=\"1500\" data-stop=\"23\">0<\/span><\/div>\r                <\/article>\r\t\t\t\t \t\r            <\/div>\r        <\/div>\r    <\/section>\r\n[\/vc_column][\/vc_row]<\/p>\n","protected":false},"excerpt":{"rendered":"<p>[vc_row container=&#8220;1&#8243; css=&#8220;.vc_custom_1461438965480{margin-bottom: 50px !important;}&#8220;][vc_column width=&#8220;1\/2&#8243;][\/vc_column][vc_column width=&#8220;1\/2&#8243; css=&#8220;.vc_custom_1461438977467{margin-top: 60px !important;}&#8220;][vc_single_image image=&#8220;590&#8243; img_size=&#8220;full&#8220; css=&#8220;.vc_custom_1530552171265{margin-top: 60px !important;}&#8220;][\/vc_column][\/vc_row][vc_row parallax=&#8220;content-moving&#8220;][vc_column][\/vc_column][\/vc_row]<\/p>\n","protected":false},"author":1,"featured_media":0,"parent":0,"menu_order":0,"comment_status":"closed","ping_status":"closed","template":"tpl-visual_composer.php","meta":{"footnotes":""},"class_list":["post-544","page","type-page","status-publish","hentry"],"yoast_head":"<!-- This site is optimized with the Yoast SEO plugin v24.9 - https:\/\/yoast.com\/wordpress\/plugins\/seo\/ -->\n<title>Neugr\u00fcnder - Buchhaltung und mehr<\/title>\n<meta name=\"robots\" content=\"index, follow, max-snippet:-1, max-image-preview:large, max-video-preview:-1\" \/>\n<link rel=\"canonical\" href=\"https:\/\/www.buchhaltungundmehr.at\/home\/neugruender\/\" \/>\n<meta property=\"og:locale\" content=\"de_DE\" \/>\n<meta property=\"og:type\" content=\"article\" \/>\n<meta property=\"og:title\" content=\"Neugr\u00fcnder - Buchhaltung und mehr\" \/>\n<meta property=\"og:description\" content=\"[vc_row container=&#8220;1&#8243; css=&#8220;.vc_custom_1461438965480{margin-bottom: 50px !important;}&#8220;][vc_column width=&#8220;1\/2&#8243;][\/vc_column][vc_column width=&#8220;1\/2&#8243; css=&#8220;.vc_custom_1461438977467{margin-top: 60px !important;}&#8220;][vc_single_image image=&#8220;590&#8243; img_size=&#8220;full&#8220; css=&#8220;.vc_custom_1530552171265{margin-top: 60px !important;}&#8220;][\/vc_column][\/vc_row][vc_row parallax=&#8220;content-moving&#8220;][vc_column][\/vc_column][\/vc_row]\" \/>\n<meta property=\"og:url\" content=\"https:\/\/www.buchhaltungundmehr.at\/home\/neugruender\/\" \/>\n<meta property=\"og:site_name\" content=\"Buchhaltung und mehr\" \/>\n<meta property=\"article:modified_time\" content=\"2023-01-12T10:04:00+00:00\" \/>\n<meta name=\"twitter:card\" content=\"summary_large_image\" \/>\n<meta name=\"twitter:label1\" content=\"Gesch\u00e4tzte Lesezeit\" \/>\n\t<meta name=\"twitter:data1\" content=\"1\u00a0Minute\" \/>\n<script type=\"application\/ld+json\" class=\"yoast-schema-graph\">{\"@context\":\"https:\/\/schema.org\",\"@graph\":[{\"@type\":\"WebPage\",\"@id\":\"https:\/\/www.buchhaltungundmehr.at\/home\/neugruender\/\",\"url\":\"https:\/\/www.buchhaltungundmehr.at\/home\/neugruender\/\",\"name\":\"Neugr\u00fcnder - Buchhaltung und mehr\",\"isPartOf\":{\"@id\":\"https:\/\/www.buchhaltungundmehr.at\/home\/#website\"},\"datePublished\":\"2018-06-25T15:44:34+00:00\",\"dateModified\":\"2023-01-12T10:04:00+00:00\",\"breadcrumb\":{\"@id\":\"https:\/\/www.buchhaltungundmehr.at\/home\/neugruender\/#breadcrumb\"},\"inLanguage\":\"de\",\"potentialAction\":[{\"@type\":\"ReadAction\",\"target\":[\"https:\/\/www.buchhaltungundmehr.at\/home\/neugruender\/\"]}]},{\"@type\":\"BreadcrumbList\",\"@id\":\"https:\/\/www.buchhaltungundmehr.at\/home\/neugruender\/#breadcrumb\",\"itemListElement\":[{\"@type\":\"ListItem\",\"position\":1,\"name\":\"Startseite\",\"item\":\"https:\/\/www.buchhaltungundmehr.at\/home\/\"},{\"@type\":\"ListItem\",\"position\":2,\"name\":\"Neugr\u00fcnder\"}]},{\"@type\":\"WebSite\",\"@id\":\"https:\/\/www.buchhaltungundmehr.at\/home\/#website\",\"url\":\"https:\/\/www.buchhaltungundmehr.at\/home\/\",\"name\":\"Buchhaltung und mehr\",\"description\":\"Einfache, schnelle und unkomplizierte Buchhaltung.\",\"publisher\":{\"@id\":\"https:\/\/www.buchhaltungundmehr.at\/home\/#organization\"},\"potentialAction\":[{\"@type\":\"SearchAction\",\"target\":{\"@type\":\"EntryPoint\",\"urlTemplate\":\"https:\/\/www.buchhaltungundmehr.at\/home\/?s={search_term_string}\"},\"query-input\":{\"@type\":\"PropertyValueSpecification\",\"valueRequired\":true,\"valueName\":\"search_term_string\"}}],\"inLanguage\":\"de\"},{\"@type\":\"Organization\",\"@id\":\"https:\/\/www.buchhaltungundmehr.at\/home\/#organization\",\"name\":\"Buchhaltung & mehr | Sonja Baierhofer\",\"url\":\"https:\/\/www.buchhaltungundmehr.at\/home\/\",\"logo\":{\"@type\":\"ImageObject\",\"inLanguage\":\"de\",\"@id\":\"https:\/\/www.buchhaltungundmehr.at\/home\/#\/schema\/logo\/image\/\",\"url\":\"https:\/\/www.buchhaltungundmehr.at\/home\/wp-content\/uploads\/2018\/06\/logo_buchhaltungundmehr-2.png\",\"contentUrl\":\"https:\/\/www.buchhaltungundmehr.at\/home\/wp-content\/uploads\/2018\/06\/logo_buchhaltungundmehr-2.png\",\"width\":300,\"height\":80,\"caption\":\"Buchhaltung & mehr | Sonja Baierhofer\"},\"image\":{\"@id\":\"https:\/\/www.buchhaltungundmehr.at\/home\/#\/schema\/logo\/image\/\"}}]}<\/script>\n<!-- \/ Yoast SEO plugin. -->","yoast_head_json":{"title":"Neugr\u00fcnder - Buchhaltung und mehr","robots":{"index":"index","follow":"follow","max-snippet":"max-snippet:-1","max-image-preview":"max-image-preview:large","max-video-preview":"max-video-preview:-1"},"canonical":"https:\/\/www.buchhaltungundmehr.at\/home\/neugruender\/","og_locale":"de_DE","og_type":"article","og_title":"Neugr\u00fcnder - Buchhaltung und mehr","og_description":"[vc_row container=&#8220;1&#8243; css=&#8220;.vc_custom_1461438965480{margin-bottom: 50px !important;}&#8220;][vc_column width=&#8220;1\/2&#8243;][\/vc_column][vc_column width=&#8220;1\/2&#8243; css=&#8220;.vc_custom_1461438977467{margin-top: 60px !important;}&#8220;][vc_single_image image=&#8220;590&#8243; img_size=&#8220;full&#8220; css=&#8220;.vc_custom_1530552171265{margin-top: 60px !important;}&#8220;][\/vc_column][\/vc_row][vc_row parallax=&#8220;content-moving&#8220;][vc_column][\/vc_column][\/vc_row]","og_url":"https:\/\/www.buchhaltungundmehr.at\/home\/neugruender\/","og_site_name":"Buchhaltung und mehr","article_modified_time":"2023-01-12T10:04:00+00:00","twitter_card":"summary_large_image","twitter_misc":{"Gesch\u00e4tzte Lesezeit":"1\u00a0Minute"},"schema":{"@context":"https:\/\/schema.org","@graph":[{"@type":"WebPage","@id":"https:\/\/www.buchhaltungundmehr.at\/home\/neugruender\/","url":"https:\/\/www.buchhaltungundmehr.at\/home\/neugruender\/","name":"Neugr\u00fcnder - Buchhaltung und mehr","isPartOf":{"@id":"https:\/\/www.buchhaltungundmehr.at\/home\/#website"},"datePublished":"2018-06-25T15:44:34+00:00","dateModified":"2023-01-12T10:04:00+00:00","breadcrumb":{"@id":"https:\/\/www.buchhaltungundmehr.at\/home\/neugruender\/#breadcrumb"},"inLanguage":"de","potentialAction":[{"@type":"ReadAction","target":["https:\/\/www.buchhaltungundmehr.at\/home\/neugruender\/"]}]},{"@type":"BreadcrumbList","@id":"https:\/\/www.buchhaltungundmehr.at\/home\/neugruender\/#breadcrumb","itemListElement":[{"@type":"ListItem","position":1,"name":"Startseite","item":"https:\/\/www.buchhaltungundmehr.at\/home\/"},{"@type":"ListItem","position":2,"name":"Neugr\u00fcnder"}]},{"@type":"WebSite","@id":"https:\/\/www.buchhaltungundmehr.at\/home\/#website","url":"https:\/\/www.buchhaltungundmehr.at\/home\/","name":"Buchhaltung und mehr","description":"Einfache, schnelle und unkomplizierte Buchhaltung.","publisher":{"@id":"https:\/\/www.buchhaltungundmehr.at\/home\/#organization"},"potentialAction":[{"@type":"SearchAction","target":{"@type":"EntryPoint","urlTemplate":"https:\/\/www.buchhaltungundmehr.at\/home\/?s={search_term_string}"},"query-input":{"@type":"PropertyValueSpecification","valueRequired":true,"valueName":"search_term_string"}}],"inLanguage":"de"},{"@type":"Organization","@id":"https:\/\/www.buchhaltungundmehr.at\/home\/#organization","name":"Buchhaltung & mehr | Sonja Baierhofer","url":"https:\/\/www.buchhaltungundmehr.at\/home\/","logo":{"@type":"ImageObject","inLanguage":"de","@id":"https:\/\/www.buchhaltungundmehr.at\/home\/#\/schema\/logo\/image\/","url":"https:\/\/www.buchhaltungundmehr.at\/home\/wp-content\/uploads\/2018\/06\/logo_buchhaltungundmehr-2.png","contentUrl":"https:\/\/www.buchhaltungundmehr.at\/home\/wp-content\/uploads\/2018\/06\/logo_buchhaltungundmehr-2.png","width":300,"height":80,"caption":"Buchhaltung & mehr | Sonja Baierhofer"},"image":{"@id":"https:\/\/www.buchhaltungundmehr.at\/home\/#\/schema\/logo\/image\/"}}]}},"_links":{"self":[{"href":"https:\/\/www.buchhaltungundmehr.at\/home\/wp-json\/wp\/v2\/pages\/544","targetHints":{"allow":["GET"]}}],"collection":[{"href":"https:\/\/www.buchhaltungundmehr.at\/home\/wp-json\/wp\/v2\/pages"}],"about":[{"href":"https:\/\/www.buchhaltungundmehr.at\/home\/wp-json\/wp\/v2\/types\/page"}],"author":[{"embeddable":true,"href":"https:\/\/www.buchhaltungundmehr.at\/home\/wp-json\/wp\/v2\/users\/1"}],"replies":[{"embeddable":true,"href":"https:\/\/www.buchhaltungundmehr.at\/home\/wp-json\/wp\/v2\/comments?post=544"}],"version-history":[{"count":11,"href":"https:\/\/www.buchhaltungundmehr.at\/home\/wp-json\/wp\/v2\/pages\/544\/revisions"}],"predecessor-version":[{"id":896,"href":"https:\/\/www.buchhaltungundmehr.at\/home\/wp-json\/wp\/v2\/pages\/544\/revisions\/896"}],"wp:attachment":[{"href":"https:\/\/www.buchhaltungundmehr.at\/home\/wp-json\/wp\/v2\/media?parent=544"}],"curies":[{"name":"wp","href":"https:\/\/api.w.org\/{rel}","templated":true}]}}